{"id":8,"date":"2018-02-27T17:01:32","date_gmt":"2018-02-27T16:01:32","guid":{"rendered":"http:\/\/pelleautier-loisirs.ovh\/?page_id=8"},"modified":"2026-02-04T16:57:12","modified_gmt":"2026-02-04T15:57:12","slug":"a-propos-de","status":"publish","type":"page","link":"https:\/\/pelleautier-loisirs.ovh\/?page_id=8","title":{"rendered":"Perspectives 2026"},"content":{"rendered":"\n<p>Assembl\u00e9e G\u00e9n\u00e9rale : <mark style=\"background-color:rgba(0, 0, 0, 0)\" class=\"has-inline-color has-black-color\">le<\/mark><mark style=\"background-color:rgba(0, 0, 0, 0)\" class=\"has-inline-color has-vivid-red-color\"><strong>  31 <em>janvier<\/em><\/strong><\/mark><\/p>\n\n\n\n<p>Le \u00ab\u00a0Boudin\u00a0\u00bb <strong>:&nbsp; <mark style=\"background-color:rgba(0, 0, 0, 0)\" class=\"has-inline-color has-vivid-red-color\">le 7 <em>f\u00e9vrier<\/em><\/mark><\/strong><\/p>\n\n\n\n<p>La balade \u00e0 la pleine Lune : le <mark style=\"background-color:rgba(0, 0, 0, 0)\" class=\"has-inline-color has-vivid-red-color\"><strong><em>27 f\u00e9vrier<\/em><\/strong><\/mark><\/p>\n\n\n\n<p>La f\u00eate du Livre et de la Peinture : les<mark style=\"background-color:rgba(0, 0, 0, 0)\" class=\"has-inline-color has-vivid-red-color\"><strong><em> 7 et 8 mars<\/em><\/strong><\/mark><\/p>\n\n\n\n<p>Le bal de Printemps\/ ann\u00e9es 80 : le <mark style=\"background-color:rgba(0, 0, 0, 0)\" class=\"has-inline-color has-vivid-red-color\"><strong><em>4 avril<\/em><\/strong><\/mark><\/p>\n\n\n\n<p>Inter-villages \u00e0 La Freissinouse : le <mark style=\"background-color:rgba(0, 0, 0, 0)\" class=\"has-inline-color has-vivid-red-color\"><strong><em>6 juin<\/em><\/strong><\/mark><\/p>\n\n\n\n<p>Feux de la St Jean : le<em> <mark style=\"background-color:rgba(0, 0, 0, 0)\" class=\"has-inline-color has-vivid-red-color\"><strong>19 juin<\/strong><\/mark><\/em> ou le<strong><em> <mark style=\"background-color:rgba(0, 0, 0, 0)\" class=\"has-inline-color has-vivid-red-color\">26 juin<\/mark><\/em><\/strong> ?<\/p>\n\n\n\n<p>F\u00eate votive : les<mark style=\"background-color:rgba(0, 0, 0, 0)\" class=\"has-inline-color has-vivid-red-color\"><strong><em> 18, 19 et 20 juillet<\/em><\/strong><\/mark><\/p>\n\n\n\n<p>F\u00eate du pain : le <mark style=\"background-color:rgba(0, 0, 0, 0)\" class=\"has-inline-color has-vivid-red-color\"><strong><em>6 septembre<\/em><\/strong><\/mark><\/p>\n\n\n\n<p>Voyage :  en <mark style=\"background-color:rgba(0, 0, 0, 0)\" class=\"has-inline-color has-vivid-red-color\"><strong><em>septembre <\/em><\/strong><\/mark>?<\/p>\n\n\n\n<p>F\u00eate de la bi\u00e8re : le <strong><em><mark style=\"background-color:rgba(0, 0, 0, 0)\" class=\"has-inline-color has-vivid-red-color\">7 novembre<\/mark><\/em><\/strong><\/p>\n\n\n\n<p>March\u00e9 de No\u00ebl : le<strong><em> <mark style=\"background-color:rgba(0, 0, 0, 0)\" class=\"has-inline-color has-vivid-red-color\">14 novembre<\/mark><\/em><\/strong><\/p>\n\n\n\n<p>Beaujolais nouveau : le<mark style=\"background-color:rgba(0, 0, 0, 0)\" class=\"has-inline-color has-vivid-red-color\"> <strong>20 novembre<\/strong><\/mark><strong> <\/strong><\/p>\n\n\n\n<p>et, bien s\u00fbr, <mark style=\"background-color:rgba(0, 0, 0, 0)\" class=\"has-inline-color has-vivid-purple-color\"><strong><em>No\u00ebl en d\u00e9cembre !<\/em><\/strong><\/mark><\/p>\n\n\n\n<figure class=\"wp-block-image is-resized\"><img loading=\"lazy\" decoding=\"async\" width=\"300\" height=\"183\" src=\"https:\/\/pelleautier-loisirs.ovh\/wp-content\/uploads\/2020\/01\/d\u00e9voluy-300x183.jpg\" alt=\"\" class=\"wp-image-860\" style=\"width:356px;height:auto\" srcset=\"https:\/\/pelleautier-loisirs.ovh\/wp-content\/uploads\/2020\/01\/d\u00e9voluy-300x183.jpg 300w, https:\/\/pelleautier-loisirs.ovh\/wp-content\/uploads\/2020\/01\/d\u00e9voluy-1024x625.jpg 1024w, https:\/\/pelleautier-loisirs.ovh\/wp-content\/uploads\/2020\/01\/d\u00e9voluy-768x469.jpg 768w, https:\/\/pelleautier-loisirs.ovh\/wp-content\/uploads\/2020\/01\/d\u00e9voluy.jpg 1454w\" sizes=\"auto, (max-width: 300px) 100vw, 300px\" \/><\/figure>\n\n\n<div class=\"wp-block-image\">\n<figure class=\"aligncenter\"><img loading=\"lazy\" decoding=\"async\" width=\"300\" height=\"201\" src=\"https:\/\/pelleautier-loisirs.ovh\/wp-content\/uploads\/2018\/06\/feu_2-300x201.jpg\" alt=\"\" class=\"wp-image-398\" srcset=\"https:\/\/pelleautier-loisirs.ovh\/wp-content\/uploads\/2018\/06\/feu_2-300x201.jpg 300w, https:\/\/pelleautier-loisirs.ovh\/wp-content\/uploads\/2018\/06\/feu_2-768x514.jpg 768w, https:\/\/pelleautier-loisirs.ovh\/wp-content\/uploads\/2018\/06\/feu_2-1024x685.jpg 1024w, https:\/\/pelleautier-loisirs.ovh\/wp-content\/uploads\/2018\/06\/feu_2.jpg 2047w\" sizes=\"auto, (max-width: 300px) 100vw, 300px\" \/><\/figure>\n<\/div>\n\n\n<figure class=\"wp-block-image\"><img loading=\"lazy\" decoding=\"async\" width=\"300\" height=\"191\" src=\"https:\/\/pelleautier-loisirs.ovh\/wp-content\/uploads\/2019\/10\/bar-300x191.jpg\" alt=\"\" class=\"wp-image-819\" srcset=\"https:\/\/pelleautier-loisirs.ovh\/wp-content\/uploads\/2019\/10\/bar-300x191.jpg 300w, https:\/\/pelleautier-loisirs.ovh\/wp-content\/uploads\/2019\/10\/bar-768x489.jpg 768w, https:\/\/pelleautier-loisirs.ovh\/wp-content\/uploads\/2019\/10\/bar-1024x652.jpg 1024w\" sizes=\"auto, (max-width: 300px) 100vw, 300px\" \/><\/figure>\n\n\n<div class=\"wp-block-image\">\n<figure class=\"aligncenter size-large is-resized\"><img loading=\"lazy\" decoding=\"async\" width=\"1024\" height=\"517\" src=\"https:\/\/pelleautier-loisirs.ovh\/wp-content\/uploads\/2022\/07\/bouquet-1024x517.jpg\" alt=\"\" class=\"wp-image-1461\" style=\"width:389px;height:auto\" srcset=\"https:\/\/pelleautier-loisirs.ovh\/wp-content\/uploads\/2022\/07\/bouquet-1024x517.jpg 1024w, https:\/\/pelleautier-loisirs.ovh\/wp-content\/uploads\/2022\/07\/bouquet-300x151.jpg 300w, https:\/\/pelleautier-loisirs.ovh\/wp-content\/uploads\/2022\/07\/bouquet-768x388.jpg 768w, https:\/\/pelleautier-loisirs.ovh\/wp-content\/uploads\/2022\/07\/bouquet-1536x775.jpg 1536w, https:\/\/pelleautier-loisirs.ovh\/wp-content\/uploads\/2022\/07\/bouquet.jpg 1797w\" sizes=\"auto, (max-width: 767px) 89vw, (max-width: 1000px) 54vw, (max-width: 1071px) 543px, 580px\" \/><\/figure>\n<\/div>\n\n<div class=\"wp-block-image\">\n<figure class=\"alignleft size-large is-resized\"><img loading=\"lazy\" decoding=\"async\" width=\"1024\" height=\"627\" src=\"https:\/\/pelleautier-loisirs.ovh\/wp-content\/uploads\/2023\/06\/Lancer_botte_2-1024x627.jpg\" alt=\"\" class=\"wp-image-1706\" style=\"width:337px;height:auto\" srcset=\"https:\/\/pelleautier-loisirs.ovh\/wp-content\/uploads\/2023\/06\/Lancer_botte_2-1024x627.jpg 1024w, https:\/\/pelleautier-loisirs.ovh\/wp-content\/uploads\/2023\/06\/Lancer_botte_2-300x184.jpg 300w, https:\/\/pelleautier-loisirs.ovh\/wp-content\/uploads\/2023\/06\/Lancer_botte_2-768x470.jpg 768w, https:\/\/pelleautier-loisirs.ovh\/wp-content\/uploads\/2023\/06\/Lancer_botte_2-1536x940.jpg 1536w, https:\/\/pelleautier-loisirs.ovh\/wp-content\/uploads\/2023\/06\/Lancer_botte_2.jpg 1761w\" sizes=\"auto, (max-width: 767px) 89vw, (max-width: 1000px) 54vw, (max-width: 1071px) 543px, 580px\" \/><\/figure>\n<\/div>\n\n<div class=\"wp-block-image\">\n<figure class=\"alignright size-full is-resized\"><img loading=\"lazy\" decoding=\"async\" width=\"867\" height=\"434\" src=\"https:\/\/pelleautier-loisirs.ovh\/wp-content\/uploads\/2019\/04\/salle_1.jpg\" alt=\"\" class=\"wp-image-629\" style=\"width:337px;height:auto\" srcset=\"https:\/\/pelleautier-loisirs.ovh\/wp-content\/uploads\/2019\/04\/salle_1.jpg 867w, https:\/\/pelleautier-loisirs.ovh\/wp-content\/uploads\/2019\/04\/salle_1-300x150.jpg 300w, https:\/\/pelleautier-loisirs.ovh\/wp-content\/uploads\/2019\/04\/salle_1-768x384.jpg 768w\" sizes=\"auto, (max-width: 767px) 89vw, (max-width: 1000px) 54vw, (max-width: 1071px) 543px, 580px\" \/><\/figure>\n<\/div>","protected":false},"excerpt":{"rendered":"<p>Assembl\u00e9e G\u00e9n\u00e9rale : le 31 janvier Le \u00ab\u00a0Boudin\u00a0\u00bb :&nbsp; le 7 f\u00e9vrier La balade \u00e0 la pleine Lune : le 27 f\u00e9vrier La f\u00eate du Livre et de la Peinture : les 7 et 8 mars Le bal de Printemps\/ ann\u00e9es 80 : le 4 avril Inter-villages \u00e0 La Freissinouse : le 6 juin Feux &hellip; <\/p>\n<p class=\"link-more\"><a href=\"https:\/\/pelleautier-loisirs.ovh\/?page_id=8\" class=\"more-link\">Continuer la lecture<span class=\"screen-reader-text\"> de &laquo;&nbsp;Perspectives 2026&nbsp;&raquo;<\/span><\/a><\/p>\n","protected":false},"author":1,"featured_media":0,"parent":0,"menu_order":0,"comment_status":"closed","ping_status":"closed","template":"","meta":{"footnotes":""},"class_list":["post-8","page","type-page","status-publish","hentry"],"_links":{"self":[{"href":"https:\/\/pelleautier-loisirs.ovh\/index.php?rest_route=\/wp\/v2\/pages\/8","targetHints":{"allow":["GET"]}}],"collection":[{"href":"https:\/\/pelleautier-loisirs.ovh\/index.php?rest_route=\/wp\/v2\/pages"}],"about":[{"href":"https:\/\/pelleautier-loisirs.ovh\/index.php?rest_route=\/wp\/v2\/types\/page"}],"author":[{"embeddable":true,"href":"https:\/\/pelleautier-loisirs.ovh\/index.php?rest_route=\/wp\/v2\/users\/1"}],"replies":[{"embeddable":true,"href":"https:\/\/pelleautier-loisirs.ovh\/index.php?rest_route=%2Fwp%2Fv2%2Fcomments&post=8"}],"version-history":[{"count":98,"href":"https:\/\/pelleautier-loisirs.ovh\/index.php?rest_route=\/wp\/v2\/pages\/8\/revisions"}],"predecessor-version":[{"id":2431,"href":"https:\/\/pelleautier-loisirs.ovh\/index.php?rest_route=\/wp\/v2\/pages\/8\/revisions\/2431"}],"wp:attachment":[{"href":"https:\/\/pelleautier-loisirs.ovh\/index.php?rest_route=%2Fwp%2Fv2%2Fmedia&parent=8"}],"curies":[{"name":"wp","href":"https:\/\/api.w.org\/{rel}","templated":true}]}}