{"id":2197,"date":"2025-02-13T17:32:19","date_gmt":"2025-02-13T16:32:19","guid":{"rendered":"https:\/\/pelleautier-loisirs.ovh\/?page_id=2197"},"modified":"2026-04-01T16:11:02","modified_gmt":"2026-04-01T14:11:02","slug":"statistiques","status":"publish","type":"page","link":"https:\/\/pelleautier-loisirs.ovh\/?page_id=2197","title":{"rendered":"STATISTIQUES"},"content":{"rendered":"\n<figure class=\"wp-block-image size-large\"><img loading=\"lazy\" decoding=\"async\" width=\"1024\" height=\"425\" src=\"https:\/\/pelleautier-loisirs.ovh\/wp-content\/uploads\/2026\/04\/stats_visites_site_2026-1024x425.jpg\" alt=\"\" class=\"wp-image-2478\" srcset=\"https:\/\/pelleautier-loisirs.ovh\/wp-content\/uploads\/2026\/04\/stats_visites_site_2026-1024x425.jpg 1024w, https:\/\/pelleautier-loisirs.ovh\/wp-content\/uploads\/2026\/04\/stats_visites_site_2026-300x125.jpg 300w, https:\/\/pelleautier-loisirs.ovh\/wp-content\/uploads\/2026\/04\/stats_visites_site_2026-768x319.jpg 768w, https:\/\/pelleautier-loisirs.ovh\/wp-content\/uploads\/2026\/04\/stats_visites_site_2026.jpg 1424w\" sizes=\"auto, (max-width: 767px) 89vw, (max-width: 1000px) 54vw, (max-width: 1071px) 543px, 580px\" \/><\/figure>\n\n\n\n<p>Le record mensuel est de<strong> <mark style=\"background-color:rgba(0, 0, 0, 0)\" class=\"has-inline-color has-luminous-vivid-amber-color\">11585<\/mark> <\/strong>visites en janvier 2022.<\/p>\n\n\n\n<p>Le record annuel a \u00e9t\u00e9 battu en 2024 avec <strong><mark style=\"background-color:rgba(0, 0, 0, 0)\" class=\"has-inline-color has-vivid-cyan-blue-color\">63253<\/mark><\/strong> visites, soit une moyenne journali\u00e8re de <mark style=\"background-color:rgba(0, 0, 0, 0)\" class=\"has-inline-color has-vivid-cyan-blue-color\"><strong>173<\/strong> <\/mark>visites.<\/p>\n\n\n\n<p><strong>MERCI aux \u00ab\u00a0visiteurs\u00a0\u00bb !<\/strong><\/p>\n\n\n\n<p><\/p>\n","protected":false},"excerpt":{"rendered":"<p>Le record mensuel est de 11585 visites en janvier 2022. Le record annuel a \u00e9t\u00e9 battu en 2024 avec 63253 visites, soit une moyenne journali\u00e8re de 173 visites. MERCI aux \u00ab\u00a0visiteurs\u00a0\u00bb !<\/p>\n","protected":false},"author":1,"featured_media":0,"parent":0,"menu_order":0,"comment_status":"closed","ping_status":"closed","template":"","meta":{"footnotes":""},"class_list":["post-2197","page","type-page","status-publish","hentry"],"_links":{"self":[{"href":"https:\/\/pelleautier-loisirs.ovh\/index.php?rest_route=\/wp\/v2\/pages\/2197","targetHints":{"allow":["GET"]}}],"collection":[{"href":"https:\/\/pelleautier-loisirs.ovh\/index.php?rest_route=\/wp\/v2\/pages"}],"about":[{"href":"https:\/\/pelleautier-loisirs.ovh\/index.php?rest_route=\/wp\/v2\/types\/page"}],"author":[{"embeddable":true,"href":"https:\/\/pelleautier-loisirs.ovh\/index.php?rest_route=\/wp\/v2\/users\/1"}],"replies":[{"embeddable":true,"href":"https:\/\/pelleautier-loisirs.ovh\/index.php?rest_route=%2Fwp%2Fv2%2Fcomments&post=2197"}],"version-history":[{"count":6,"href":"https:\/\/pelleautier-loisirs.ovh\/index.php?rest_route=\/wp\/v2\/pages\/2197\/revisions"}],"predecessor-version":[{"id":2479,"href":"https:\/\/pelleautier-loisirs.ovh\/index.php?rest_route=\/wp\/v2\/pages\/2197\/revisions\/2479"}],"wp:attachment":[{"href":"https:\/\/pelleautier-loisirs.ovh\/index.php?rest_route=%2Fwp%2Fv2%2Fmedia&parent=2197"}],"curies":[{"name":"wp","href":"https:\/\/api.w.org\/{rel}","templated":true}]}}