{"id":185,"date":"2018-03-07T18:24:24","date_gmt":"2018-03-07T17:24:24","guid":{"rendered":"http:\/\/pelleautier-loisirs.ovh\/?page_id=185"},"modified":"2018-03-12T12:20:27","modified_gmt":"2018-03-12T11:20:27","slug":"images","status":"publish","type":"page","link":"https:\/\/pelleautier-loisirs.ovh\/?page_id=185","title":{"rendered":"Images"},"content":{"rendered":"<p>Les illustrations sont sign\u00e9es. Lorsque leur auteur n&rsquo;est pas cit\u00e9, elles sont de <strong><em>JmB<\/em><\/strong>.<\/p>\n<p><img loading=\"lazy\" decoding=\"async\" class=\"wp-image-99 size-thumbnail alignleft\" src=\"https:\/\/pelleautier-loisirs.ovh\/wp-content\/uploads\/2018\/02\/Logo_TERATHLON-150x150.jpg\" alt=\"\" width=\"150\" height=\"150\" srcset=\"https:\/\/pelleautier-loisirs.ovh\/wp-content\/uploads\/2018\/02\/Logo_TERATHLON-150x150.jpg 150w, https:\/\/pelleautier-loisirs.ovh\/wp-content\/uploads\/2018\/02\/Logo_TERATHLON-100x100.jpg 100w\" sizes=\"auto, (max-width: 150px) 100vw, 150px\" \/><\/p>\n<p>Il est possible de les <strong>copier<\/strong> ou les <strong>enregistrer<\/strong> par un simple <strong>clic droit<\/strong>.<\/p>\n<p>C&rsquo;est <strong>gratuit<\/strong> !<\/p>\n<p>Merci \u00e0 ceux qui m&rsquo;ont envoy\u00e9 des <strong>photos<\/strong> et \u00e0 ceux qui le feront.<\/p>\n<p>Si elles sont trop nombreuses, je les pr\u00e9senterai, group\u00e9es en \u00ab\u00a0pdf\u00a0\u00bb sous l&rsquo;appellation \u00ab\u00a0<strong>Album Photo<\/strong>\u00a0\u00bb . Les albums pourront \u00eatre t\u00e9l\u00e9charg\u00e9s \u00e0 volont\u00e9.<\/p>\n<p>Ce sera le cas pour les T\u00e9rathlons, les f\u00eates, les voyages, les sorties, toutes action nouvelle photog\u00e9nique et, aussi, l&rsquo;occasion de mettre en commun nos photos.<\/p>\n<p>Pour illustrer ce propos,<\/p>\n<p>Trois cr\u00e9ations locales :<\/p>\n<p><img loading=\"lazy\" decoding=\"async\" class=\"wp-image-210 size-thumbnail alignleft\" src=\"https:\/\/pelleautier-loisirs.ovh\/wp-content\/uploads\/2018\/03\/num\u00e9ro10-150x150.jpg\" alt=\"\" width=\"150\" height=\"150\" srcset=\"https:\/\/pelleautier-loisirs.ovh\/wp-content\/uploads\/2018\/03\/num\u00e9ro10-150x150.jpg 150w, https:\/\/pelleautier-loisirs.ovh\/wp-content\/uploads\/2018\/03\/num\u00e9ro10-298x300.jpg 298w, https:\/\/pelleautier-loisirs.ovh\/wp-content\/uploads\/2018\/03\/num\u00e9ro10-768x774.jpg 768w, https:\/\/pelleautier-loisirs.ovh\/wp-content\/uploads\/2018\/03\/num\u00e9ro10-1016x1024.jpg 1016w, https:\/\/pelleautier-loisirs.ovh\/wp-content\/uploads\/2018\/03\/num\u00e9ro10-100x100.jpg 100w, https:\/\/pelleautier-loisirs.ovh\/wp-content\/uploads\/2018\/03\/num\u00e9ro10.jpg 1539w\" sizes=\"auto, (max-width: 150px) 100vw, 150px\" \/><\/p>\n<p>A l&rsquo;occasion de la dixi\u00e8me \u00e9dition du T\u00e9rathlon, <strong><em>Yves Raulet<\/em><\/strong> r\u00e9alise la maquette de l&rsquo;impression du tee-shirt qui sera distribu\u00e9 aux b\u00e9n\u00e9voles et aux concurrents.<\/p>\n<p>&nbsp;<\/p>\n<p>&nbsp;<\/p>\n<p><img loading=\"lazy\" decoding=\"async\" class=\"wp-image-211 size-medium alignleft\" src=\"https:\/\/pelleautier-loisirs.ovh\/wp-content\/uploads\/2018\/03\/Num\u00e9ro20-300x202.jpg\" alt=\"\" width=\"300\" height=\"202\" srcset=\"https:\/\/pelleautier-loisirs.ovh\/wp-content\/uploads\/2018\/03\/Num\u00e9ro20-300x202.jpg 300w, https:\/\/pelleautier-loisirs.ovh\/wp-content\/uploads\/2018\/03\/Num\u00e9ro20-768x517.jpg 768w, https:\/\/pelleautier-loisirs.ovh\/wp-content\/uploads\/2018\/03\/Num\u00e9ro20-1024x690.jpg 1024w\" sizes=\"auto, (max-width: 300px) 100vw, 300px\" \/>Pour la vingti\u00e8me, <strong><em>JmB<\/em><\/strong> fait de m\u00eame. Le logo dans le dos, comme un num\u00e9ro de dossard. A l&rsquo;int\u00e9rieur des chiffres, les photos des participants \u00ab\u00a0majeurs\u00a0\u00bb des \u00e9ditions ant\u00e9rieures accompagnent la remorque qui les transportait au d\u00e9part sur l&rsquo;autre rive du lac.<\/p>\n<p><img loading=\"lazy\" decoding=\"async\" class=\"wp-image-212 size-thumbnail alignleft\" src=\"https:\/\/pelleautier-loisirs.ovh\/wp-content\/uploads\/2018\/03\/logo_ASLCP-150x150.jpg\" alt=\"\" width=\"150\" height=\"150\" srcset=\"https:\/\/pelleautier-loisirs.ovh\/wp-content\/uploads\/2018\/03\/logo_ASLCP-150x150.jpg 150w, https:\/\/pelleautier-loisirs.ovh\/wp-content\/uploads\/2018\/03\/logo_ASLCP-100x100.jpg 100w\" sizes=\"auto, (max-width: 150px) 100vw, 150px\" \/>&#8230; Et pour une \u00e9bauche de logo pour l&rsquo;association \u00e0 partir de la Carte de Membre cr\u00e9e par <em><strong>No\u00eblle AMEIL, <\/strong>distribu\u00e9e \u00e0 l&rsquo;occasion du versement de la cotisation apr\u00e8s le d\u00e9roulement des Assembl\u00e9es G\u00e9n\u00e9rales.<\/em><\/p>\n","protected":false},"excerpt":{"rendered":"<p>Les illustrations sont sign\u00e9es. Lorsque leur auteur n&rsquo;est pas cit\u00e9, elles sont de JmB. Il est possible de les copier ou les enregistrer par un simple clic droit. C&rsquo;est gratuit ! Merci \u00e0 ceux qui m&rsquo;ont envoy\u00e9 des photos et \u00e0 ceux qui le feront. Si elles sont trop nombreuses, je les pr\u00e9senterai, group\u00e9es en &hellip; <\/p>\n<p class=\"link-more\"><a href=\"https:\/\/pelleautier-loisirs.ovh\/?page_id=185\" class=\"more-link\">Continuer la lecture<span class=\"screen-reader-text\"> de &laquo;&nbsp;Images&nbsp;&raquo;<\/span><\/a><\/p>\n","protected":false},"author":1,"featured_media":0,"parent":0,"menu_order":0,"comment_status":"closed","ping_status":"closed","template":"","meta":{"footnotes":""},"class_list":["post-185","page","type-page","status-publish","hentry"],"_links":{"self":[{"href":"https:\/\/pelleautier-loisirs.ovh\/index.php?rest_route=\/wp\/v2\/pages\/185","targetHints":{"allow":["GET"]}}],"collection":[{"href":"https:\/\/pelleautier-loisirs.ovh\/index.php?rest_route=\/wp\/v2\/pages"}],"about":[{"href":"https:\/\/pelleautier-loisirs.ovh\/index.php?rest_route=\/wp\/v2\/types\/page"}],"author":[{"embeddable":true,"href":"https:\/\/pelleautier-loisirs.ovh\/index.php?rest_route=\/wp\/v2\/users\/1"}],"replies":[{"embeddable":true,"href":"https:\/\/pelleautier-loisirs.ovh\/index.php?rest_route=%2Fwp%2Fv2%2Fcomments&post=185"}],"version-history":[{"count":9,"href":"https:\/\/pelleautier-loisirs.ovh\/index.php?rest_route=\/wp\/v2\/pages\/185\/revisions"}],"predecessor-version":[{"id":214,"href":"https:\/\/pelleautier-loisirs.ovh\/index.php?rest_route=\/wp\/v2\/pages\/185\/revisions\/214"}],"wp:attachment":[{"href":"https:\/\/pelleautier-loisirs.ovh\/index.php?rest_route=%2Fwp%2Fv2%2Fmedia&parent=185"}],"curies":[{"name":"wp","href":"https:\/\/api.w.org\/{rel}","templated":true}]}}